{"id":1953,"date":"2020-06-07T00:21:36","date_gmt":"2020-06-07T05:21:36","guid":{"rendered":"https:\/\/decolonial-media-art.siggraph.org\/exhibition\/?page_id=1953"},"modified":"2020-07-12T21:57:40","modified_gmt":"2020-07-13T02:57:40","slug":"index","status":"publish","type":"page","link":"https:\/\/decolonial-media-art.siggraph.org\/exhibition\/index\/","title":{"rendered":"Index"},"content":{"rendered":"<ul><li>Audrey Rangel Aguirre | <a href=\"https:\/\/decolonial-media-art.siggraph.org\/exhibition\/piece\/reciprocity\/\">Reciprocity<\/a><\/li><li>Federico Cuatlacuatl | <a href=\"https:\/\/decolonial-media-art.siggraph.org\/exhibition\/piece\/tiemperos-del-antropoceno\/\">Tiemperos del Antropoceno<\/a><\/li><li>Francisco de Parres G\u00f3mez | <a href=\"https:\/\/decolonial-media-art.siggraph.org\/exhibition\/piece\/guerrilla-digital-en-tiempos-de-necropolitica\/\">Guerrilla Digital en tiempos de Necropol\u00edtica<\/a><\/li><li>Gustavo Alfonso Rincon | <a href=\"https:\/\/decolonial-media-art.siggraph.org\/exhibition\/piece\/new-media-architectures-decoloniality-speculative-futures-one-a-dialogue-a-confused-history-america-vs-the-world-vs-nature-2\/\">New Media Architectures: Decoloniality &#038; Speculative Futures One- A Dialogue (A Confused History America vs the World vs Nature)<\/a><\/li><li>Isidro Zepeda | <a href=\"https:\/\/decolonial-media-art.siggraph.org\/exhibition\/piece\/a-chicano-art-testimonio-children-of-the-sun\/\">A Chicano Art Testimonio: Children of the Sun<\/a><\/li><li>Jesus Maya and Paloma Villegas | <a href=\"https:\/\/decolonial-media-art.siggraph.org\/exhibition\/piece\/que-la-tierra-les-sea-leve-negotiating-the-pandemic-in-mexico-city\/\">Que la tierra les sea leve: Negotiating the Pandemic in Mexico City<\/a><\/li><li>Jose Lozano | <a href=\"https:\/\/decolonial-media-art.siggraph.org\/exhibition\/piece\/la-metro-loteria-la-brea-and-bristol-food-court-loteria-santa-ana\/\">La Metro Loteria (La Brea) and Bristol Food Court Loteria (Santa Ana)<\/a><\/li><li>Marina Gr\u017eini\u0107 and Aina \u0160mid | <a href=\"https:\/\/decolonial-media-art.siggraph.org\/exhibition\/piece\/seizure-rewriting-counter-histories\/\">Seizure \u2013 Rewriting counter-histories<\/a><\/li><li>Mark Chavez, Ina Conradi-Chavez, and Tate Egon Chavez | <a href=\"https:\/\/decolonial-media-art.siggraph.org\/exhibition\/piece\/quantum-logos-vision-serpent\/\">Quantum LOGOS (vision serpent)<\/a><\/li><li>Naim Aburaddi | <a href=\"https:\/\/decolonial-media-art.siggraph.org\/exhibition\/piece\/gaza-san-bernardino-helicopters-of-horror-and-hope\/\">Gaza &#038; San Bernardino: Helicopters of Horror and Hope<\/a><\/li><li>Nora Al-Badri | <a href=\"https:\/\/decolonial-media-art.siggraph.org\/exhibition\/piece\/babylonian-vision\/\">Babylonian Vision<\/a><\/li><li>Pico del Hierro-Villa | <a href=\"https:\/\/decolonial-media-art.siggraph.org\/exhibition\/piece\/the-methodology-of-queer-visual-storytelling\/\">The Methodology of Queer Visual Storytelling<\/a><\/li><li>Praba Pilar | <a href=\"https:\/\/decolonial-media-art.siggraph.org\/exhibition\/piece\/nixtamalizate-te-te\/\">Nixtamal\u00edzat\u00e9-t\u00e9-t\u00e9<\/a><\/li><li>Raul Moarquech Ferrera-Balanquet | <a href=\"https:\/\/decolonial-media-art.siggraph.org\/exhibition\/piece\/nomad-dreams-suenos-nomadas\/\">Nomad Dreams \/ Sue\u00f1os N\u00f3madas<\/a><\/li><li>Rewa Wright and Simon Howden | <a href=\"https:\/\/decolonial-media-art.siggraph.org\/exhibition\/piece\/nga-manawataki-o-te-koiora-biorhythms\/\">Nga manawataki o te koiora: Biorhythms<\/a><\/li><li>Ricardo Dominguez, micha c\u00e1rdenas, Amy Sara Carroll, Elle Mehrmand and Brett Stalbaum (Electronic Disturbance Theatre 2.0\/b.a.n.g. lab) | <a href=\"https:\/\/decolonial-media-art.siggraph.org\/exhibition\/piece\/the-transborder-immigrant-tool-tbt-la-herramienta-transfronteriza-para-inmigrantes\/\">The Transborder Immigrant Tool (TBT) \/ La herramienta transfronteriza para inmigrantes<\/a><\/li><li>Roopesh Sitharan | <a href=\"https:\/\/decolonial-media-art.siggraph.org\/exhibition\/piece\/untitled\/\">Untitled<\/a><\/li><li>Siran Sun and Yan Xia | <a href=\"https:\/\/decolonial-media-art.siggraph.org\/exhibition\/piece\/tree-pruning\/\">Tree Pruning<\/a><\/li><li>V Barratt and Francesca da Rimini | <a href=\"https:\/\/decolonial-media-art.siggraph.org\/exhibition\/piece\/her-eyes-were-as-black-as-coal\/\">Her Eyes Were as Black as Coal<\/a><\/li><\/ul>\n","protected":false},"excerpt":{"rendered":"","protected":false},"author":1,"featured_media":0,"parent":0,"menu_order":0,"comment_status":"closed","ping_status":"closed","template":"","meta":{"footnotes":""},"jetpack_sharing_enabled":true,"_links":{"self":[{"href":"https:\/\/decolonial-media-art.siggraph.org\/exhibition\/wp-json\/wp\/v2\/pages\/1953"}],"collection":[{"href":"https:\/\/decolonial-media-art.siggraph.org\/exhibition\/wp-json\/wp\/v2\/pages"}],"about":[{"href":"https:\/\/decolonial-media-art.siggraph.org\/exhibition\/wp-json\/wp\/v2\/types\/page"}],"author":[{"embeddable":true,"href":"https:\/\/decolonial-media-art.siggraph.org\/exhibition\/wp-json\/wp\/v2\/users\/1"}],"replies":[{"embeddable":true,"href":"https:\/\/decolonial-media-art.siggraph.org\/exhibition\/wp-json\/wp\/v2\/comments?post=1953"}],"version-history":[{"count":114,"href":"https:\/\/decolonial-media-art.siggraph.org\/exhibition\/wp-json\/wp\/v2\/pages\/1953\/revisions"}],"predecessor-version":[{"id":2592,"href":"https:\/\/decolonial-media-art.siggraph.org\/exhibition\/wp-json\/wp\/v2\/pages\/1953\/revisions\/2592"}],"wp:attachment":[{"href":"https:\/\/decolonial-media-art.siggraph.org\/exhibition\/wp-json\/wp\/v2\/media?parent=1953"}],"curies":[{"name":"wp","href":"https:\/\/api.w.org\/{rel}","templated":true}]}}